{"id":196,"date":"2025-08-21T23:13:30","date_gmt":"2025-08-21T21:13:30","guid":{"rendered":"https:\/\/solteq.us\/?page_id=196"},"modified":"2025-08-22T23:26:53","modified_gmt":"2025-08-22T21:26:53","slug":"modern-2","status":"publish","type":"page","link":"https:\/\/solteq.us\/it\/modern-2\/","title":{"rendered":"MODERNO"},"content":{"rendered":"<h3 class=\"wp-block-heading\"><strong>Serie quadrupla<\/strong><\/h3>\n\n\n\n<p>Il <strong>Serie quadrupla<\/strong> \u00e8 la soluzione versatile per tetti con una struttura chiara e requisiti moderni. La loro geometria rettangolare crea un aspetto omogeneo ed elegante che si armonizza perfettamente con il fotovoltaico integrato. Le tegole SolteQ-Quad sono robuste, resistenti alle tempeste e adatte a quasi tutte le costruzioni di tetti.<br><strong>Ideale per:<\/strong> architettura moderna, nuovi edifici e ristrutturazioni sofisticate.<br><strong>Caratteristica speciale:<\/strong> Diverse dimensioni disponibili - per la massima libert\u00e0 di progettazione e varianti di design.<\/p>\n\n\n\n<h2 class=\"wp-block-heading\"><strong>QUAD40<\/strong> - L'angolo acuto <\/h2>\n\n\n\n<div class=\"wp-block-media-text is-stacked-on-mobile\"><figure class=\"wp-block-media-text__media\"><a href=\"https:\/\/solteq.us\/it\/Datenbl%C3%A4tter\/SOLTEQ-Datenblatt-QUAD40.pdf\/\"><img fetchpriority=\"high\" decoding=\"async\" width=\"222\" height=\"300\" src=\"https:\/\/solteq.us\/wp-content\/uploads\/2025\/08\/Q40-300x222_600dpi_ICON.jpg\" alt=\"\" class=\"wp-image-238 size-full\"\/><\/a><\/figure><div class=\"wp-block-media-text__content\">\n<p>Le coperture ad angolo acuto, note anche come \u201ecoperture ad angolo acuto francesi\u201c o \u201escaglie di drago\u201c, sono un vero e proprio sostituto dell'ardesia e sono adatte a tutti coloro che desiderano qualcosa di speciale.<\/p>\n\n\n\n<p>Un'estetica straordinaria abbinata a un fotovoltaico invisibile.<\/p>\n\n\n\n<p>Formato: 54x54cm<\/p>\n\n\n\n<p>Applicazione:  Moderno, Monumento, Rustico<\/p>\n<\/div><\/div>\n\n\n\n<h2 class=\"wp-block-heading\"><strong>QUAD18\/20<\/strong> - Il sottile angolo acuto <\/h2>\n\n\n\n<div class=\"wp-block-media-text is-stacked-on-mobile\"><figure class=\"wp-block-media-text__media\"><a href=\"https:\/\/solteq.us\/it\/Datenbl%C3%A4tter\/SOLTEQ-Datenblatt-Denkmalobjekte_Q18_20.pdf\/\"><img fetchpriority=\"high\" decoding=\"async\" width=\"222\" height=\"300\" src=\"https:\/\/solteq.us\/wp-content\/uploads\/2025\/08\/Q40-300x222_600dpi_ICON.jpg\" alt=\"\" class=\"wp-image-238 size-full\"\/><\/a><\/figure><div class=\"wp-block-media-text__content\">\n<p>Copertura fine dell'angolo acuto grazie ai piccoli formati.<\/p>\n\n\n\n<p><\/p>\n\n\n\n<p>Formato: 40x40cm<\/p>\n\n\n\n<p>Applicazione:  Moderno, Monumento, Rustico<\/p>\n<\/div><\/div>\n\n\n\n<h2 class=\"wp-block-heading\"><strong>QUAD50<\/strong> - L'et\u00e0 moderna <\/h2>\n\n\n\n<div class=\"wp-block-media-text is-stacked-on-mobile\"><figure class=\"wp-block-media-text__media\"><a href=\"https:\/\/solteq.us\/it\/Datenbl%C3%A4tter\/SOLTEQ-Datenblatt-QUAD50x60.pdf\/\"><img decoding=\"async\" width=\"222\" height=\"300\" src=\"https:\/\/solteq.us\/wp-content\/uploads\/2025\/08\/Modern-300x222_600dpi_ICON.jpg\" alt=\"\" class=\"wp-image-141 size-full\"\/><\/a><\/figure><div class=\"wp-block-media-text__content\">\n<p>Il moderno con un design lineare.<\/p>\n\n\n\n<p>Fotovoltaico invisibile con massima resa.<\/p>\n\n\n\n<p>Formato: 50x60cm<\/p>\n\n\n\n<p>Applicazione:  Moderno<\/p>\n\n\n\n<p>Installazione: Scacchiera o composito<\/p>\n<\/div><\/div>\n\n\n\n<h2 class=\"wp-block-heading\"><strong>QUAD100<\/strong> - Il moderno - ampio<\/h2>\n\n\n\n<div class=\"wp-block-media-text is-stacked-on-mobile\"><figure class=\"wp-block-media-text__media\"><a href=\"https:\/\/solteq.us\/it\/Datenbl%C3%A4tter\/SOLTEQ-Datenblatt-QUAD100x60.pdf\/\"><img decoding=\"async\" width=\"222\" height=\"300\" src=\"https:\/\/solteq.us\/wp-content\/uploads\/2025\/08\/Q100-300x222_600dpi_ICON.jpg\" alt=\"\" class=\"wp-image-242 size-full\"\/><\/a><\/figure><div class=\"wp-block-media-text__content\">\n<p>Il moderno con un design semplice e altamente economico.<\/p>\n\n\n\n<p>Fotovoltaico invisibile con massima resa.<\/p>\n\n\n\n<p>Formato: 50x60cm<\/p>\n\n\n\n<p>Applicazione:  Moderno<\/p>\n\n\n\n<p>Installazione: Scacchiera o composito<\/p>\n<\/div><\/div>\n\n\n\n<p><\/p>","protected":false},"excerpt":{"rendered":"<p>Quad-Serie Die Quad-Serie ist die vielseitige L\u00f6sung f\u00fcr D\u00e4cher mit klarer Struktur und modernem Anspruch. Ihre rechteckige Geometrie erm\u00f6glicht eine homogene, elegante Optik, die perfekt mit integrierter Photovoltaik harmoniert. SolteQ-Quad-Ziegel sind robust, sturmsicher und f\u00fcr nahezu alle Dachkonstruktionen geeignet.Ideal f\u00fcr: moderne Architekturen, Neubauten und anspruchsvolle Sanierungen.Besonderheit: Mehrere Gr\u00f6\u00dfen verf\u00fcgbar \u2013 f\u00fcr maximale Planungsfreiheit und Designvarianten. &hellip; <\/p>\n<p class=\"link-more\"><a href=\"https:\/\/solteq.us\/it\/modern-2\/\" class=\"more-link\">Leggi tutto<span class=\"screen-reader-text\"> &#8222;MODERN&#8220;<\/span><\/a><\/p>","protected":false},"author":1,"featured_media":0,"parent":0,"menu_order":0,"comment_status":"closed","ping_status":"closed","template":"","meta":{"footnotes":""},"class_list":["post-196","page","type-page","status-publish","hentry"],"_links":{"self":[{"href":"https:\/\/solteq.us\/it\/wp-json\/wp\/v2\/pages\/196","targetHints":{"allow":["GET"]}}],"collection":[{"href":"https:\/\/solteq.us\/it\/wp-json\/wp\/v2\/pages"}],"about":[{"href":"https:\/\/solteq.us\/it\/wp-json\/wp\/v2\/types\/page"}],"author":[{"embeddable":true,"href":"https:\/\/solteq.us\/it\/wp-json\/wp\/v2\/users\/1"}],"replies":[{"embeddable":true,"href":"https:\/\/solteq.us\/it\/wp-json\/wp\/v2\/comments?post=196"}],"version-history":[{"count":10,"href":"https:\/\/solteq.us\/it\/wp-json\/wp\/v2\/pages\/196\/revisions"}],"predecessor-version":[{"id":251,"href":"https:\/\/solteq.us\/it\/wp-json\/wp\/v2\/pages\/196\/revisions\/251"}],"wp:attachment":[{"href":"https:\/\/solteq.us\/it\/wp-json\/wp\/v2\/media?parent=196"}],"curies":[{"name":"wp","href":"https:\/\/api.w.org\/{rel}","templated":true}]}}