{"id":22,"date":"2025-08-19T10:41:15","date_gmt":"2025-08-19T08:41:15","guid":{"rendered":"https:\/\/solteq.us\/?page_id=22"},"modified":"2025-09-03T23:14:24","modified_gmt":"2025-09-03T21:14:24","slug":"ueber","status":"publish","type":"page","link":"https:\/\/solteq.us\/fr\/ueber\/","title":{"rendered":"VOTRE PROPRE CENTRALE \u00c9LECTRIQUE DOMESTIQUE"},"content":{"rendered":"<p>LE TOIT SOLAIRE SOLTEQ<\/p>\n\n\n\n<p><\/p>\n\n\n\n<p>Protection contre les intemp\u00e9ries + \u00e9lectricit\u00e9 + chauffage = tout en un<\/p>\n\n\n\n<p>Plus de 30 variantes diff\u00e9rentes de tuiles solaires et de pose<\/p>\n\n\n\n<p>Couleurs au choix dans le nuancier RAL ou Stonelook<\/p>\n\n\n\n<p>Rendements de surface les plus \u00e9lev\u00e9s<\/p>\n\n\n\n<p>Jusqu'\u00e0 36% d'\u00e9nergie en plus par rapport aux installations traditionnelles sur toiture<\/p>\n\n\n\n<p>\u00c9galement en marbre ou en pierre sans suppl\u00e9ment de prix<\/p>\n\n\n\n<p>Conception de l'installation en fonction des besoins ou du budget<\/p>\n\n\n\n<p>Nombreux accessoires : accumulateur d'\u00e9lectricit\u00e9, Wallbox, pompes \u00e0 chaleur, etc.<\/p>\n\n\n\n<p>Propositions de pose CAO personnalis\u00e9es (VVS1) adapt\u00e9es \u00e0 votre toit<\/p>\n\n\n\n<div class=\"wp-block-media-text is-stacked-on-mobile\"><figure class=\"wp-block-media-text__media\"><a href=\"https:\/\/solteq.us\/fr\/docs\/SOLTEQ-_Kostenbeispiel_80%2B80_Komplettsanierung_pdf__.pdf\/\"><img fetchpriority=\"high\" decoding=\"async\" width=\"1024\" height=\"683\" src=\"https:\/\/solteq.us\/wp-content\/uploads\/2025\/08\/Verkaeufer-AdobeStock_142268350_SolteQ-Logo-1024x683.jpg\" alt=\"\" class=\"wp-image-316 size-full\" srcset=\"https:\/\/solteq.us\/wp-content\/uploads\/2025\/08\/Verkaeufer-AdobeStock_142268350_SolteQ-Logo-1024x683.jpg 1024w, https:\/\/solteq.us\/wp-content\/uploads\/2025\/08\/Verkaeufer-AdobeStock_142268350_SolteQ-Logo-300x200.jpg 300w, https:\/\/solteq.us\/wp-content\/uploads\/2025\/08\/Verkaeufer-AdobeStock_142268350_SolteQ-Logo-768x513.jpg 768w, https:\/\/solteq.us\/wp-content\/uploads\/2025\/08\/Verkaeufer-AdobeStock_142268350_SolteQ-Logo-1536x1025.jpg 1536w, https:\/\/solteq.us\/wp-content\/uploads\/2025\/08\/Verkaeufer-AdobeStock_142268350_SolteQ-Logo-2048x1367.jpg 2048w\" sizes=\"(max-width: 767px) 89vw, (max-width: 1000px) 54vw, (max-width: 1071px) 543px, 580px\" \/><\/a><\/figure><div class=\"wp-block-media-text__content\">\n<p>\u201eVous ne payez que 35 euros par mois en fin de compte pour une nouvelle toiture avec r\u00e9novation compl\u00e8te, solaire et pompe \u00e0 chaleur\u201c.\u201c <\/p>\n\n\n\n<p>Nous nous ferons un plaisir de calculer votre projet, sans engagement et gratuitement.  <\/p>\n\n\n\n<p>Vous voulez voir un exemple de co\u00fbt ?<\/p>\n\n\n\n<blockquote class=\"wp-block-quote is-layout-flow wp-block-quote-is-layout-flow\">\n<blockquote class=\"wp-block-quote is-layout-flow wp-block-quote-is-layout-flow\">\n<p><a href=\"https:\/\/solteq.us\/fr\/docs\/SOLTEQ-_Kostenbeispiel_80%2B80_Komplettsanierung_pdf__.pdf\/\">  &gt; T\u00e9l\u00e9charger un exemple d'offre de r\u00e9novation compl\u00e8te &lt;<\/a><\/p>\n<\/blockquote>\n<\/blockquote>\n<\/div><\/div>\n\n\n\n<div class=\"wp-block-media-text is-stacked-on-mobile\"><figure class=\"wp-block-media-text__media\"><a href=\"https:\/\/solteq.us\/fr\/referenzen\/\"><img decoding=\"async\" width=\"1024\" height=\"576\" src=\"https:\/\/solteq.us\/wp-content\/uploads\/2025\/09\/Solardachziegel-1_NTV_opener_NTV-1024x576.jpg\" alt=\"\" class=\"wp-image-329 size-full\" srcset=\"https:\/\/solteq.us\/wp-content\/uploads\/2025\/09\/Solardachziegel-1_NTV_opener_NTV-1024x576.jpg 1024w, https:\/\/solteq.us\/wp-content\/uploads\/2025\/09\/Solardachziegel-1_NTV_opener_NTV-300x169.jpg 300w, https:\/\/solteq.us\/wp-content\/uploads\/2025\/09\/Solardachziegel-1_NTV_opener_NTV-768x432.jpg 768w, https:\/\/solteq.us\/wp-content\/uploads\/2025\/09\/Solardachziegel-1_NTV_opener_NTV.jpg 1136w\" sizes=\"(max-width: 767px) 89vw, (max-width: 1000px) 54vw, (max-width: 1071px) 543px, 580px\" \/><\/a><\/figure><div class=\"wp-block-media-text__content\">\n<p><a href=\"https:\/\/solteq.us\/fr\/referenzen-2\/\" data-type=\"page\" data-id=\"328\" target=\"_blank\" rel=\"noreferrer noopener\">R\u00e9f\u00e9rences<\/a><\/p>\n<\/div><\/div>\n\n\n\n<p><\/p>","protected":false},"excerpt":{"rendered":"<p>LA TOITURE SOLAIRE SOLTEQ Protection contre les intemp\u00e9ries + \u00e9lectricit\u00e9 + chauffage = tout en un Plus de 30 variantes de tuiles solaires et de pose Couleurs au choix dans le nuancier RAL ou aspect pierre Performances surfaciques maximales Jusqu'\u00e0 36% d'\u00e9nergie en plus que les installations traditionnelles sur toiture Aspect marbre ou pierre sans suppl\u00e9ment Conception de l'installation adapt\u00e9e aux besoins ou au budget Nombreux accessoires : accumulateur d'\u00e9lectricit\u00e9, Wallbox, pompes \u00e0 chaleur, etc. Propositions de pose CAO personnalis\u00e9es (VVS1) con\u00e7ues pour ... <\/p>\n<p class=\"link-more\"><a href=\"https:\/\/solteq.us\/fr\/ueber\/\" class=\"more-link\">Continuer la lecture<span class=\"screen-reader-text\"> fr \u00ab VOTRE PROPRE MAINTENANCE \u00bb<\/span><\/a><\/p>","protected":false},"author":1,"featured_media":19,"parent":0,"menu_order":0,"comment_status":"closed","ping_status":"closed","template":"","meta":{"footnotes":""},"class_list":["post-22","page","type-page","status-publish","has-post-thumbnail","hentry"],"_links":{"self":[{"href":"https:\/\/solteq.us\/fr\/wp-json\/wp\/v2\/pages\/22","targetHints":{"allow":["GET"]}}],"collection":[{"href":"https:\/\/solteq.us\/fr\/wp-json\/wp\/v2\/pages"}],"about":[{"href":"https:\/\/solteq.us\/fr\/wp-json\/wp\/v2\/types\/page"}],"author":[{"embeddable":true,"href":"https:\/\/solteq.us\/fr\/wp-json\/wp\/v2\/users\/1"}],"replies":[{"embeddable":true,"href":"https:\/\/solteq.us\/fr\/wp-json\/wp\/v2\/comments?post=22"}],"version-history":[{"count":9,"href":"https:\/\/solteq.us\/fr\/wp-json\/wp\/v2\/pages\/22\/revisions"}],"predecessor-version":[{"id":352,"href":"https:\/\/solteq.us\/fr\/wp-json\/wp\/v2\/pages\/22\/revisions\/352"}],"wp:featuredmedia":[{"embeddable":true,"href":"https:\/\/solteq.us\/fr\/wp-json\/wp\/v2\/media\/19"}],"wp:attachment":[{"href":"https:\/\/solteq.us\/fr\/wp-json\/wp\/v2\/media?parent=22"}],"curies":[{"name":"wp","href":"https:\/\/api.w.org\/{rel}","templated":true}]}}