{"id":164,"date":"2025-08-21T10:25:56","date_gmt":"2025-08-21T08:25:56","guid":{"rendered":"https:\/\/solteq.us\/?page_id=164"},"modified":"2025-08-23T12:56:15","modified_gmt":"2025-08-23T10:56:15","slug":"biber","status":"publish","type":"page","link":"https:\/\/solteq.us\/fr\/biber\/","title":{"rendered":"TUYAU SOLAIRE BIBERSCHWANZ | Photovolta\u00efque d'aspect traditionnel"},"content":{"rendered":"<h4 class=\"wp-block-heading\"><strong>Tuiles solaires Biberschwanz - La tradition rencontre la technologie solaire<\/strong><\/h4>\n\n\n\n<p>Le site <strong>Tuiles solaires SolteQ \u00e0 queue de castor<\/strong> allient l'aspect classique de la tuile plate traditionnelle \u00e0 la technologie photovolta\u00efque la plus moderne. Parfaitement adapt\u00e9es aux r\u00e9novations en <strong>Protection du patrimoine<\/strong>, Les b\u00e2timents neufs, qui misent sur l'esth\u00e9tique et la durabilit\u00e9, sont \u00e9galement concern\u00e9s.<br><strong>Pas de panneaux solaires visibles, pas de rupture de style - seulement 100 % d'\u00e9lectricit\u00e9 solaire directement depuis le toit.<\/strong><\/p>\n\n\n\n<h4 class=\"wp-block-heading\"><strong>Aper\u00e7u des avantages techniques<\/strong><\/h4>\n\n\n\n<ul class=\"wp-block-list\">\n<li><strong>Une solution parfaite pour les b\u00e2timents class\u00e9s monuments historiques<\/strong> avec des exigences d'aspect historique<\/li>\n\n\n\n<li><strong>R\u00e9serves de charge \u00e9lev\u00e9es : <\/strong> La couverture en castor SOLTEQ est beaucoup plus l\u00e9g\u00e8re que le castor Ton + PV normal. En cas de r\u00e9novation de toiture, il n'est g\u00e9n\u00e9ralement pas n\u00e9cessaire de renforcer les chevrons.<\/li>\n\n\n\n<li><strong>M\u00eame dans les toits existants<\/strong>, Mise en \u0153uvre possible sans r\u00e9novation de la toiture : il suffit de remplacer les castors en terre cuite existants par des castors solaires.<\/li>\n\n\n\n<li><strong>De l'\u00e9lectricit\u00e9 solaire sans panneaux visibles<\/strong> - \u201eLe photovolta\u00efque en chic\u201c<\/li>\n\n\n\n<li><strong>Adaptation r\u00e9gionale flexible<\/strong> gr\u00e2ce \u00e0 une grande diversit\u00e9 de variantes<\/li>\n\n\n\n<li><strong>Design traditionnel<\/strong>: Disponible en diff\u00e9rentes couleurs telles que rouge brique, terracootta ou anthracite.<\/li>\n\n\n\n<li><strong>Photovolta\u00efque invisible<\/strong>: \u00e9lectricit\u00e9 solaire sans panneaux sur le toit.<\/li>\n\n\n\n<li><strong>Robuste &amp; durable<\/strong>: R\u00e9sistant aux temp\u00eates jusqu'\u00e0 350 km\/h, extr\u00eamement r\u00e9sistant aux intemp\u00e9ries.<\/li>\n\n\n\n<li><strong>Fabriqu\u00e9 en Allemagne<\/strong>: qualit\u00e9 sup\u00e9rieure et technique \u00e9prouv\u00e9e.<\/li>\n\n\n\n<li><strong>Poids :<\/strong> env. 14 kg\/m\u00b2 - extr\u00eamement l\u00e9ger.<\/li>\n\n\n\n<li><strong>la production d'\u00e9lectricit\u00e9 :<\/strong> cellules photovolta\u00efques monocristallines int\u00e9gr\u00e9es.<\/li>\n\n\n\n<li><strong>Triple fonction :<\/strong> Protection du toit, production d'\u00e9lectricit\u00e9, \u00e9nergie solaire thermique en option.<\/li>\n\n\n\n<li><strong>Montage facile :<\/strong> s'int\u00e8gre dans le syst\u00e8me de toiture classique.<\/li>\n<\/ul>\n\n\n\n<h4 class=\"wp-block-heading\"><strong><strong>O\u00f9 sont utilis\u00e9es les tuiles solaires en queue de castor ?<\/strong><\/strong><\/h4>\n\n\n\n<p>Particuli\u00e8rement adapt\u00e9 \u00e0 la protection des monuments historiques, aux r\u00e9novations, \u00e0 l'architecture classique et aux projets exigeants sur le plan esth\u00e9tique.<\/p>\n\n\n\n<ul class=\"wp-block-list\">\n<li><strong>B\u00e2timents class\u00e9s<\/strong>, Les panneaux solaires ne sont pas autoris\u00e9s dans les b\u00e2timents publics.<\/li>\n\n\n\n<li><strong>Des projets exigeants sur le plan architectural<\/strong> avec un toit traditionnel.<\/li>\n\n\n\n<li><strong>Nouvelles constructions<\/strong>, Les personnes qui souhaitent int\u00e9grer la technologie moderne de mani\u00e8re discr\u00e8te.<\/li>\n<\/ul>\n\n\n\n<h4 class=\"wp-block-heading\"><strong>Questions fr\u00e9quentes (FAQ)<\/strong><\/h4>\n\n\n\n<p><strong>Quelle est la quantit\u00e9 d'\u00e9lectricit\u00e9 produite par les tuiles solaires \u00e0 queue de castor ?<\/strong><br>La puissance varie en fonction de la surface du toit et de l'orientation. On peut atteindre jusqu'\u00e0 150 W par m\u00b2.<\/p>\n\n\n\n<p><strong>Sont-ils agr\u00e9\u00e9s pour la protection des monuments historiques ?<\/strong><br>Oui, les tuiles solaires \u00e0 queue de castor sont sp\u00e9cialement con\u00e7ues pour les toitures class\u00e9es et sont utilis\u00e9es avec succ\u00e8s dans de nombreux projets.<\/p>\n\n\n\n<p><strong>Quelle est la dur\u00e9e de vie des tuiles solaires ?<\/strong><br>Les toits SolteQ sont con\u00e7us pour une dur\u00e9e de vie de plus de 80 ans - pour la technologie PV, nous offrons une garantie de performance de 40 ans sur 80% de la puissance install\u00e9e. La d\u00e9gressivit\u00e9 (perte de puissance) est d'environ 1% par 10 ans, la puissance apr\u00e8s 40 ans sera donc probablement sup\u00e9rieure \u00e0 80%.<\/p>\n\n\n\n<h1 class=\"wp-block-heading\"><strong>VARIANTES<\/strong><\/h1>\n\n\n\n<h2 class=\"wp-block-heading\"><strong>BIBERE DE CONSTITUTION 180x380mm<\/strong><\/h2>\n\n\n\n<div class=\"wp-block-media-text is-stacked-on-mobile\"><figure class=\"wp-block-media-text__media\"><a href=\"https:\/\/solteq.us\/fr\/Datenbl%C3%A4tter\/SOLTEQ-Datenblatt-Denkmal-Biber.pdf\/\"><img fetchpriority=\"high\" decoding=\"async\" width=\"222\" height=\"300\" src=\"https:\/\/solteq.us\/wp-content\/uploads\/2025\/08\/Mediterran-300x222_600dpi_ICON.jpg\" alt=\"\" class=\"wp-image-140 size-full\"\/><\/a><\/figure><div class=\"wp-block-media-text__content\">\n<p>Tradition et innovation r\u00e9unies : le <strong>Castor en stock<\/strong> de SolteQ convainc par son aspect classique pour la protection des monuments et les b\u00e2timents historiques - combin\u00e9 avec le photovolta\u00efque le plus moderne. Le design original est ainsi pr\u00e9serv\u00e9, tandis que le toit fournit en m\u00eame temps de l'\u00e9nergie.<br><strong>Id\u00e9al pour :<\/strong> maisons class\u00e9es et architecture historique. Pour la r\u00e9novation de toitures ou simplement le remplacement de tuiles plates en terre cuite existantes par des tuiles plates solaires avec photovolta\u00efque et, en option, solaire thermique.<br><strong>Particularit\u00e9 :<\/strong> R\u00e9pond aux exigences les plus strictes en mati\u00e8re de protection des monuments avec une efficacit\u00e9 \u00e9nerg\u00e9tique maximale et un rendement surfacique \u00e9lev\u00e9 <br><strong>Transfert : <\/strong>Couverture double, couverture de la couronne<\/p>\n<\/div><\/div>\n\n\n\n<h2 class=\"wp-block-heading\"><strong>BIBLIOTH\u00c8QUE SIMPLE 180x380mm<\/strong><\/h2>\n\n\n\n<div class=\"wp-block-media-text is-stacked-on-mobile\"><figure class=\"wp-block-media-text__media\"><a href=\"https:\/\/solteq.us\/fr\/Datenbl%C3%A4tter\/SOLTEQ-Datenblatt-Denkmal-Biber.pdf\/\"><img fetchpriority=\"high\" decoding=\"async\" width=\"222\" height=\"300\" src=\"https:\/\/solteq.us\/wp-content\/uploads\/2025\/08\/Mediterran-300x222_600dpi_ICON.jpg\" alt=\"\" class=\"wp-image-140 size-full\"\/><\/a><\/figure><div class=\"wp-block-media-text__content\">\n<p>Le site <strong>Castor 380<\/strong> de SolteQ convainc par son aspect classique pour les monuments historiques et les b\u00e2timents historiques - offre un v\u00e9ritable design de castor \u00e0 un prix avantageux avec un photovolta\u00efque et un solaire thermique invisibles.<br><strong>Id\u00e9al pour :<\/strong> maisons class\u00e9es et architecture historique, construction neuve et existante. Pour les nouvelles constructions et la r\u00e9novation de toitures avec le solaire.<br><strong>Particularit\u00e9 :<\/strong> Un bon rapport qualit\u00e9\/prix. R\u00e9pond aux exigences les plus strictes en mati\u00e8re de protection des monuments historiques tout en offrant une efficacit\u00e9 \u00e9nerg\u00e9tique maximale. <strong>Transfert : <\/strong>Couverture simple, couverture de la couronne<\/p>\n<\/div><\/div>\n\n\n\n<h2 class=\"wp-block-heading\"><strong>BERLINER EDELBIBER 180x380mm<\/strong><\/h2>\n\n\n\n<div class=\"wp-block-media-text is-stacked-on-mobile\"><figure class=\"wp-block-media-text__media\"><a href=\"https:\/\/solteq.us\/fr\/Datenbl%C3%A4tter\/SOLTEQ-Datenblatt-Denkmal-Biber.pdf\/\"><img fetchpriority=\"high\" decoding=\"async\" width=\"222\" height=\"300\" src=\"https:\/\/solteq.us\/wp-content\/uploads\/2025\/08\/Mediterran-300x222_600dpi_ICON.jpg\" alt=\"\" class=\"wp-image-140 size-full\"\/><\/a><\/figure><div class=\"wp-block-media-text__content\">\n<p>D\u00e9velopp\u00e9 \u00e0 la main pour l'un des plus hauts b\u00e2timents de l'\u00c9tat : le ch\u00e2teau de Bellevue, la maison o\u00f9 r\u00e9side notre pr\u00e9sident f\u00e9d\u00e9ral. Le site <strong>Edelbiber berlinois<\/strong> de SolteQ convainc par son aspect classique pour la protection des monuments et les b\u00e2timents historiques - combin\u00e9 avec le photovolta\u00efque le plus moderne. Le design original est ainsi pr\u00e9serv\u00e9, tandis que le toit fournit en m\u00eame temps de l'\u00e9nergie.<br><strong>Id\u00e9al pour :<\/strong> maisons class\u00e9es, b\u00e2timents d'\u00c9tat et architecture historique particuli\u00e8re.<br><strong>Particularit\u00e9 :<\/strong> Variante la plus noble d'une queue de castor pour les exigences les plus \u00e9lev\u00e9es. <br><strong>Transfert : <\/strong>Couverture simple, couverture de la couronne<\/p>\n<\/div><\/div>\n\n\n\n<h2 class=\"wp-block-heading\"><strong>WAVE - Le castor en large<\/strong><\/h2>\n\n\n\n<div class=\"wp-block-media-text is-stacked-on-mobile\"><figure class=\"wp-block-media-text__media\"><a href=\"https:\/\/solteq.us\/fr\/Datenbl%C3%A4tter\/SOLTEQ-Datenblatt-WAVE.pdf\/\"><img decoding=\"async\" width=\"222\" height=\"300\" src=\"https:\/\/solteq.us\/wp-content\/uploads\/2025\/08\/WAVE-300x222_600dpi_ICON.jpg\" alt=\"\" class=\"wp-image-273 size-full\"\/><\/a><\/figure><div class=\"wp-block-media-text__content\">\n<p>Le site <strong>S\u00e9rie SolteQ-WAVE<\/strong> est la solution \u00e9l\u00e9gante pour les toits \u00e0 structure ondul\u00e9e. Cette variante combine un design dynamique et une technologie solaire discr\u00e8te. Elle est parfaite pour les ma\u00eetres d'ouvrage qui souhaitent un profil de toit marquant sans pour autant renoncer \u00e0 l'\u00e9nergie durable.<br><strong>Id\u00e9al pour :<\/strong> Architectures avec des toits courbes.<br><strong>Particularit\u00e9 :<\/strong> Une forme harmonieuse pour les toits \u00e0 l'aspect ondul\u00e9<br><strong>Transfert : <\/strong>Couverture simple, couverture de la couronne<\/p>\n<\/div><\/div>\n\n\n\n<h2 class=\"wp-block-heading\"><strong>SAC DE VIENNE<\/strong><\/h2>\n\n\n\n<div class=\"wp-block-media-text is-stacked-on-mobile\"><figure class=\"wp-block-media-text__media\"><a href=\"https:\/\/solteq.us\/fr\/Datenbl%C3%A4tter\/SOLTEQ-Datenblatt-WienerTasche.pdf\/\"><img decoding=\"async\" width=\"222\" height=\"300\" src=\"https:\/\/solteq.us\/wp-content\/uploads\/2025\/08\/WienerTasche-300x222_600dpi_ICON.jpg\" alt=\"\" class=\"wp-image-275 size-full\"\/><\/a><\/figure><div class=\"wp-block-media-text__content\">\n<p>Le site <strong>Sac viennois<\/strong> est une forme de toit intemporelle qui a \u00e9t\u00e9 transform\u00e9e chez SolteQ en un toit solaire \u00e0 haute efficacit\u00e9 \u00e9nerg\u00e9tique. Cette variante offre l'esth\u00e9tique habituelle de l'architecture de toit classique avec un syst\u00e8me photovolta\u00efque enti\u00e8rement int\u00e9gr\u00e9.<br><strong>Id\u00e9al pour :<\/strong> des habitations classiques, des r\u00e9novations de toitures et des constructions neuves de style traditionnel.<br><strong>Particularit\u00e9 :<\/strong> Le photovolta\u00efque sans restrictions visuelles - parfait pour les ma\u00eetres d'ouvrage soucieux de leur style.<br><strong>Transfert : <\/strong>Couverture simple, couverture de la couronne<\/p>\n<\/div><\/div>\n\n\n\n<h2 class=\"wp-block-heading\"><strong>WIENER TASCHE-ALTSTADT <\/strong><\/h2>\n\n\n\n<div class=\"wp-block-media-text is-stacked-on-mobile\"><figure class=\"wp-block-media-text__media\"><a href=\"https:\/\/solteq.us\/fr\/Datenbl%C3%A4tter\/SOLTEQ-Datenblatt-WienerTasche.pdf\/\"><img loading=\"lazy\" decoding=\"async\" width=\"222\" height=\"300\" src=\"https:\/\/solteq.us\/wp-content\/uploads\/2025\/08\/WienerTascheAlt-300x222_600dpi_ICON.jpg\" alt=\"\" class=\"wp-image-277 size-full\"\/><\/a><\/figure><div class=\"wp-block-media-text__content\">\n<p>Le site <strong>Sac viennois-Vieille ville<\/strong> est une variante particuli\u00e8re de la poche viennoise en pose \u00e9tag\u00e9e et en option avec des nuances de couleur. <br><strong>Id\u00e9al pour :<\/strong> des habitations classiques, des r\u00e9novations de toitures et des constructions neuves de style traditionnel.<br><strong>Particularit\u00e9 :<\/strong> Le photovolta\u00efque sans restrictions visuelles - parfait pour les ma\u00eetres d'ouvrage soucieux de leur style.<br><strong>Transfert : <\/strong>Couverture simple, couverture de la couronne<\/p>\n<\/div><\/div>\n\n\n\n<p><\/p>","protected":false},"excerpt":{"rendered":"<p>Biberschwanz-Solarziegel \u2013 Tradition trifft Solartechnologie Die SolteQ Biberschwanz-Solarziegel vereinen die klassische Optik des traditionellen Biberschwanz-Dachziegels mit modernster Photovoltaik-Technik. Perfekt geeignet f\u00fcr Sanierungen im Denkmalschutz, aber auch f\u00fcr Neubauten, die auf \u00c4sthetik und Nachhaltigkeit setzen.Keine sichtbaren Solarmodule, kein Stilbruch \u2013 nur 100 % Solarstrom direkt vom Dach. Technische Vorteile im \u00dcberblick Wo werden Biberschwanz-Solarziegel eingesetzt? Besonders &hellip; <\/p>\n<p class=\"link-more\"><a href=\"https:\/\/solteq.us\/fr\/biber\/\" class=\"more-link\">Continuer la lecture<span class=\"screen-reader-text\"> de &laquo;&nbsp;BIBERSCHWANZ-SOLARZIEGEL | Photovoltaik in traditioneller Optik&nbsp;&raquo;<\/span><\/a><\/p>","protected":false},"author":1,"featured_media":0,"parent":0,"menu_order":0,"comment_status":"closed","ping_status":"closed","template":"","meta":{"footnotes":""},"class_list":["post-164","page","type-page","status-publish","hentry"],"_links":{"self":[{"href":"https:\/\/solteq.us\/fr\/wp-json\/wp\/v2\/pages\/164","targetHints":{"allow":["GET"]}}],"collection":[{"href":"https:\/\/solteq.us\/fr\/wp-json\/wp\/v2\/pages"}],"about":[{"href":"https:\/\/solteq.us\/fr\/wp-json\/wp\/v2\/types\/page"}],"author":[{"embeddable":true,"href":"https:\/\/solteq.us\/fr\/wp-json\/wp\/v2\/users\/1"}],"replies":[{"embeddable":true,"href":"https:\/\/solteq.us\/fr\/wp-json\/wp\/v2\/comments?post=164"}],"version-history":[{"count":19,"href":"https:\/\/solteq.us\/fr\/wp-json\/wp\/v2\/pages\/164\/revisions"}],"predecessor-version":[{"id":281,"href":"https:\/\/solteq.us\/fr\/wp-json\/wp\/v2\/pages\/164\/revisions\/281"}],"wp:attachment":[{"href":"https:\/\/solteq.us\/fr\/wp-json\/wp\/v2\/media?parent=164"}],"curies":[{"name":"wp","href":"https:\/\/api.w.org\/{rel}","templated":true}]}}