{"id":146,"date":"2025-08-20T15:17:42","date_gmt":"2025-08-20T13:17:42","guid":{"rendered":"https:\/\/solteq.us\/?page_id=146"},"modified":"2025-12-09T12:25:09","modified_gmt":"2025-12-09T11:25:09","slug":"impressum-datenschutz","status":"publish","type":"page","link":"https:\/\/solteq.us\/fr\/impressum-datenschutz\/","title":{"rendered":"Mentions l\u00e9gales &amp; protection des donn\u00e9es"},"content":{"rendered":"<div data-elementor-type=\"wp-page\" data-elementor-id=\"146\" class=\"elementor elementor-146\">\n\t\t\t\t<div class=\"elementor-element elementor-element-5ace4efb e-flex e-con-boxed e-con e-parent\" data-id=\"5ace4efb\" data-element_type=\"container\">\n\t\t\t\t\t<div class=\"e-con-inner\">\n\t\t\t\t<div class=\"elementor-element elementor-element-7aa2645b elementor-widget elementor-widget-text-editor\" data-id=\"7aa2645b\" data-element_type=\"widget\" data-widget_type=\"text-editor.default\">\n\t\t\t\t\t\t\t\t\t<p><\/p>\n<p><\/p>\n<p><strong>Mentions l\u00e9gales <\/strong><\/p>\n<p><\/p>\n<p><strong>Adresse<br><\/strong>SOLTEQ USA INC.<br>Si\u00e8ge social aux \u00c9tats-Unis<br>Cape Coral, FLORIDE<\/p>\n<p><\/p>\n<p>email : info(@)solteq.us<br>Heures de bureau : 7am - 5pm ET<br>Web : www.solteq.us<\/p>\n<p>Inscription au registre :<br>P20000075150 -&nbsp;<span style=\"font-size: 1rem;\">\u00c9tat de Floride<\/span><\/p>\n<p>R\u00e8glement en ligne des litiges conform\u00e9ment \u00e0 l'article 14, paragraphe 1, du r\u00e8glement ODR :<br>La Commission europ\u00e9enne met \u00e0 disposition une plateforme de r\u00e8glement en ligne des litiges (RLL) :<br>https:\/\/ec.europa.eu\/consumers\/odr<br>Vous trouverez notre adresse e-mail en haut dans les mentions l\u00e9gales.<\/p>\n<p><\/p>\n<p><strong>D\u00e9claration de protection des donn\u00e9es (EU-DSGVO)<\/strong><\/p>\n<p><\/p>\n<p>1. responsable<br>SOLTEQ USA Inc.<br><span style=\"font-size: 1rem;\">Courrier \u00e9lectronique : info@solteq.us<\/span><\/p><p>Web : www.solteq.us<br>Courrier \u00e9lectronique : datenschutz@solteq.us<\/p>\n<p>2) la collecte et l'enregistrement des donn\u00e9es \u00e0 caract\u00e8re personnel ainsi que la nature et la finalit\u00e9 de leur utilisation<br>a) lors de la visite du site web<br>Lorsque vous consultez notre site web www.solteq.eu, des informations sont automatiquement envoy\u00e9es par votre navigateur \u00e0 notre serveur (par ex. adresse IP, date\/heure, type de navigateur). Ces donn\u00e9es servent \u00e0 garantir le bon \u00e9tablissement de la connexion et la s\u00e9curit\u00e9 du syst\u00e8me.<\/p>\n<p>b) En cas d'utilisation du formulaire de contact \/ de contact par e-mail<br>Si vous nous contactez via le formulaire de contact ou par e-mail, les donn\u00e9es que vous nous communiquez (par ex. nom, e-mail, message) sont enregistr\u00e9es afin de pouvoir traiter votre demande.<\/p>\n<p>3. transmission de donn\u00e9es<br>Vos donn\u00e9es personnelles ne sont transmises \u00e0 des tiers que si :<br>- vous avez donn\u00e9 votre consentement explicite,<br>- le traitement est n\u00e9cessaire \u00e0 l'ex\u00e9cution d'un contrat,<br>- il existe une obligation l\u00e9gale, ou<br>- si cela est n\u00e9cessaire \u00e0 la sauvegarde d'int\u00e9r\u00eats l\u00e9gitimes.<\/p>\n<p>4. cookies et suivi<br>Notre site web utilise des cookies. Ils servent \u00e0 rendre notre offre plus conviviale, plus efficace et plus s\u00fbre. Si des outils de prestataires tiers (par ex. Google Analytics) sont utilis\u00e9s, ils ne le sont qu'avec votre consentement (banni\u00e8re de cookies).<\/p>\n<p>5. droits des personnes concern\u00e9es (conform\u00e9ment aux articles 15 et suivants du RGPD)<br>Vous avez le droit de<br>- l'acc\u00e8s \u00e0 vos donn\u00e9es enregistr\u00e9es,<br>- Rectification des donn\u00e9es inexactes,<br>- l'effacement (\u201edroit \u00e0 l'oubli\u201c),<br>- la limitation du traitement,<br>- s'opposer au traitement,<br>- la portabilit\u00e9 des donn\u00e9es.<\/p>\n<p>6. droit de recours aupr\u00e8s de l'autorit\u00e9 de surveillance<br>Vous avez le droit de d\u00e9poser une plainte aupr\u00e8s d'une autorit\u00e9 de contr\u00f4le de la protection des donn\u00e9es concernant le traitement de vos donn\u00e9es personnelles.<\/p>\n<p>7. s\u00e9curit\u00e9 des donn\u00e9es<br>Nous utilisons des mesures de s\u00e9curit\u00e9 techniques et organisationnelles pour prot\u00e9ger vos donn\u00e9es contre les manipulations, les pertes ou les acc\u00e8s non autoris\u00e9s.<\/p>\n<p>8) Actualit\u00e9 et modification de la pr\u00e9sente d\u00e9claration de confidentialit\u00e9<br>La pr\u00e9sente d\u00e9claration de protection des donn\u00e9es est actuellement en vigueur et a la date suivante : ao\u00fbt 2025.<br>Nous nous r\u00e9servons le droit de modifier la d\u00e9claration afin de l'adapter aux changements de situation juridique ou aux nouveaux services.<\/p>\n<p><\/p>\t\t\t\t\t\t\t\t<\/div>\n\t\t\t\t\t<\/div>\n\t\t\t\t<\/div>\n\t\t\t\t<\/div>","protected":false},"excerpt":{"rendered":"<p>Impressum AdresseSOLTEQ USA INC.Headquarter USACape Coral, FLORIDA email: info(@)solteq.usOffice hours: 7am &#8211; 5pm ETWeb: www.solteq.us Registereintrag:P20000075150 &#8211;&nbsp;State of Florida Online-Streitbeilegung gem\u00e4\u00df Art. 14 Abs. 1 ODR-VO:Die Europ\u00e4ische Kommission stellt eine Plattform zur Online-Streitbeilegung (OS) bereit:https:\/\/ec.europa.eu\/consumers\/odrUnsere E-Mail-Adresse finden Sie oben im Impressum. Datenschutzerkl\u00e4rung (EU-DSGVO) 1. VerantwortlicherSOLTEQ USA Inc.E-Mail: info@solteq.us Web: www.solteq.usE-Mail: datenschutz@solteq.us 2. Erhebung und Speicherung &hellip; <\/p>\n<p class=\"link-more\"><a href=\"https:\/\/solteq.us\/fr\/impressum-datenschutz\/\" class=\"more-link\">Continuer la lecture<span class=\"screen-reader-text\"> de &laquo;&nbsp;Impressum &amp; Datenschutz&nbsp;&raquo;<\/span><\/a><\/p>","protected":false},"author":1,"featured_media":0,"parent":0,"menu_order":0,"comment_status":"closed","ping_status":"closed","template":"","meta":{"footnotes":""},"class_list":["post-146","page","type-page","status-publish","hentry"],"_links":{"self":[{"href":"https:\/\/solteq.us\/fr\/wp-json\/wp\/v2\/pages\/146","targetHints":{"allow":["GET"]}}],"collection":[{"href":"https:\/\/solteq.us\/fr\/wp-json\/wp\/v2\/pages"}],"about":[{"href":"https:\/\/solteq.us\/fr\/wp-json\/wp\/v2\/types\/page"}],"author":[{"embeddable":true,"href":"https:\/\/solteq.us\/fr\/wp-json\/wp\/v2\/users\/1"}],"replies":[{"embeddable":true,"href":"https:\/\/solteq.us\/fr\/wp-json\/wp\/v2\/comments?post=146"}],"version-history":[{"count":8,"href":"https:\/\/solteq.us\/fr\/wp-json\/wp\/v2\/pages\/146\/revisions"}],"predecessor-version":[{"id":636,"href":"https:\/\/solteq.us\/fr\/wp-json\/wp\/v2\/pages\/146\/revisions\/636"}],"wp:attachment":[{"href":"https:\/\/solteq.us\/fr\/wp-json\/wp\/v2\/media?parent=146"}],"curies":[{"name":"wp","href":"https:\/\/api.w.org\/{rel}","templated":true}]}}