{"id":21,"date":"2025-08-19T10:41:15","date_gmt":"2025-08-19T08:41:15","guid":{"rendered":"https:\/\/solteq.us\/?page_id=21"},"modified":"2025-09-19T19:21:48","modified_gmt":"2025-09-19T17:21:48","slug":"startseite","status":"publish","type":"page","link":"https:\/\/solteq.us\/es\/startseite\/","title":{"rendered":"EL TECHO COMERCIAL SOLTEQ"},"content":{"rendered":"<p><strong>TODO EN UNO<\/strong><\/p>\n\n\n\n<p><em><strong>Energ\u00eda fotovoltaica y energ\u00eda solar t\u00e9rmica como cubiertas directas<\/strong><\/em><\/p>\n\n\n\n<p>SolteQ ofrece una impresionante variedad de tejas con funci\u00f3n solar y m\u00e1xima eficiencia:  <strong>Fachadas cl\u00e1sicas, modernas, monumentales, mediterr\u00e1neas, solares y mucho m\u00e1s. <\/strong> <\/p>\n\n\n\n<p><strong>Ventajas:<\/strong><\/p>\n\n\n\n<ul class=\"wp-block-list\">\n<li>Amplia selecci\u00f3n para casi todos los conceptos arquitect\u00f3nicos<\/li>\n\n\n\n<li>Compuesto de tejas reales - incl. funci\u00f3n fotovoltaica y calefacci\u00f3n opcional<\/li>\n\n\n\n<li>100 % Fabricado en Alemania en nuestras propias l\u00edneas de producci\u00f3n<\/li>\n\n\n\n<li>Calidad superior con alta resistencia a la intemperie y a tormentas de hasta 350 km\/h<\/li>\n\n\n\n<li>Clase de protecci\u00f3n contra el granizo 6 (con granizo de 60 mm)<\/li>\n<\/ul>\n\n\n\n<p><strong>\u00c1mbitos de aplicaci\u00f3n:<\/strong> Desde nuevas construcciones y renovaciones de tejados hasta proyectos de edificios protegidos, dondequiera que se necesiten soluciones personalizadas.<\/p>\n\n\n\n<p><strong><em>Refrigeraci\u00f3n en verano + calefacci\u00f3n en invierno<\/em><\/strong><\/p>\n\n\n\n<p><em><strong>4 ventajas - 4 puntos fuertes:<\/strong><\/em><\/p>\n\n\n\n<ul class=\"wp-block-list\">\n<li><em>Independencia de los gastos de electricidad y calefacci\u00f3n<\/em><\/li>\n\n\n\n<li><em>Hasta 70 % de subvenci\u00f3n + 0 % de IVA<\/em><\/li>\n\n\n\n<li><em>Garant\u00eda de rendimiento de 40 a\u00f1os y garant\u00eda de impermeabilidad de 50 a\u00f1os<\/em><\/li>\n\n\n\n<li><em>Paquete completo sin preocupaciones: nosotros nos encargamos de todo<\/em><br><em>... a petici\u00f3n tambi\u00e9n para subvenciones y financiaci\u00f3n<\/em><\/li>\n<\/ul>\n\n\n\n<p><em>... la energ\u00eda fotovoltaica puede ser tan bonita... <\/em><\/p>\n\n\n\n<p><em><a href=\"https:\/\/solteq.us\/es\/Magazines\/SOLTEQ-Smart_Heizen_A4_h_19.09.25_web150dpi.pdf\/\"><strong>... m\u00e1s informaci\u00f3n sobre el sistema de calefacci\u00f3n SOLTEQ <\/strong><\/a><\/em><\/p>\n\n\n\n<p><\/p>","protected":false},"excerpt":{"rendered":"<p>ALL-IN-ONE Photovoltaik &amp; Solarthermie als direkte Dacheindeckung SolteQ bietet eine beeindruckende Vielfalt an Dachziegeln mit Solarfunktion mit h\u00f6chster Effizienz: Klassisch, Modern, Denkmal, Mediterran, Solar-Fassaden und vieles mehr. Vorteile: Anwendungsbereiche: Von Neubau, Dachsanierungen bis hin zu Projekten im Denkmalschutz \u2013 \u00fcberall, wo individuelle L\u00f6sungen gefragt sind. K\u00fchlung im Sommer + Heizung im Winter 4 Nutzen- 4 &hellip; <\/p>\n<p class=\"link-more\"><a href=\"https:\/\/solteq.us\/es\/startseite\/\" class=\"more-link\">Continuar leyendo<span class=\"screen-reader-text\"> &#8222;DAS SOLTEQ-NUTZDACH&#8220;<\/span><\/a><\/p>","protected":false},"author":1,"featured_media":0,"parent":0,"menu_order":0,"comment_status":"closed","ping_status":"closed","template":"","meta":{"footnotes":""},"class_list":["post-21","page","type-page","status-publish","hentry"],"_links":{"self":[{"href":"https:\/\/solteq.us\/es\/wp-json\/wp\/v2\/pages\/21","targetHints":{"allow":["GET"]}}],"collection":[{"href":"https:\/\/solteq.us\/es\/wp-json\/wp\/v2\/pages"}],"about":[{"href":"https:\/\/solteq.us\/es\/wp-json\/wp\/v2\/types\/page"}],"author":[{"embeddable":true,"href":"https:\/\/solteq.us\/es\/wp-json\/wp\/v2\/users\/1"}],"replies":[{"embeddable":true,"href":"https:\/\/solteq.us\/es\/wp-json\/wp\/v2\/comments?post=21"}],"version-history":[{"count":14,"href":"https:\/\/solteq.us\/es\/wp-json\/wp\/v2\/pages\/21\/revisions"}],"predecessor-version":[{"id":412,"href":"https:\/\/solteq.us\/es\/wp-json\/wp\/v2\/pages\/21\/revisions\/412"}],"wp:attachment":[{"href":"https:\/\/solteq.us\/es\/wp-json\/wp\/v2\/media?parent=21"}],"curies":[{"name":"wp","href":"https:\/\/api.w.org\/{rel}","templated":true}]}}