{"id":172,"date":"2025-08-21T10:36:48","date_gmt":"2025-08-21T08:36:48","guid":{"rendered":"https:\/\/solteq.us\/?page_id=172"},"modified":"2025-08-23T17:14:35","modified_gmt":"2025-08-23T15:14:35","slug":"farbauswahl","status":"publish","type":"page","link":"https:\/\/solteq.us\/es\/farbauswahl\/","title":{"rendered":"SELECCI\u00d3N DE COLORES"},"content":{"rendered":"<p>El \u00faltimo folleto en color le espera en nuestra librer\u00eda: <\/p>\n\n\n\n<div class=\"wp-block-media-text is-stacked-on-mobile\"><figure class=\"wp-block-media-text__media\"><a href=\"https:\/\/anyflip.com\/bookcase\/cudpf\"><img fetchpriority=\"high\" decoding=\"async\" width=\"222\" height=\"300\" src=\"https:\/\/solteq.us\/wp-content\/uploads\/2025\/08\/Color-300x222_600dpi_ICON.jpg\" alt=\"\" class=\"wp-image-131 size-full\"\/><\/a><\/figure><div class=\"wp-block-media-text__content\">\n<p><\/p>\n\n\n\n<p> <em><a href=\"https:\/\/anyflip.com\/bookcase\/cudpf\">&gt; Librer\u00eda &lt;<\/a><\/em><\/p>\n<\/div><\/div>\n\n\n\n<p><\/p>","protected":false},"excerpt":{"rendered":"<p>In unserem Bookstore wartet die aktuelle Color-Brosch\u00fcre auf Sie: > Bookstore &lt;<\/p>","protected":false},"author":1,"featured_media":0,"parent":0,"menu_order":0,"comment_status":"closed","ping_status":"closed","template":"","meta":{"footnotes":""},"class_list":["post-172","page","type-page","status-publish","hentry"],"_links":{"self":[{"href":"https:\/\/solteq.us\/es\/wp-json\/wp\/v2\/pages\/172","targetHints":{"allow":["GET"]}}],"collection":[{"href":"https:\/\/solteq.us\/es\/wp-json\/wp\/v2\/pages"}],"about":[{"href":"https:\/\/solteq.us\/es\/wp-json\/wp\/v2\/types\/page"}],"author":[{"embeddable":true,"href":"https:\/\/solteq.us\/es\/wp-json\/wp\/v2\/users\/1"}],"replies":[{"embeddable":true,"href":"https:\/\/solteq.us\/es\/wp-json\/wp\/v2\/comments?post=172"}],"version-history":[{"count":5,"href":"https:\/\/solteq.us\/es\/wp-json\/wp\/v2\/pages\/172\/revisions"}],"predecessor-version":[{"id":307,"href":"https:\/\/solteq.us\/es\/wp-json\/wp\/v2\/pages\/172\/revisions\/307"}],"wp:attachment":[{"href":"https:\/\/solteq.us\/es\/wp-json\/wp\/v2\/media?parent=172"}],"curies":[{"name":"wp","href":"https:\/\/api.w.org\/{rel}","templated":true}]}}