{"id":164,"date":"2025-08-21T10:25:56","date_gmt":"2025-08-21T08:25:56","guid":{"rendered":"https:\/\/solteq.us\/?page_id=164"},"modified":"2025-08-23T12:56:15","modified_gmt":"2025-08-23T10:56:15","slug":"biber","status":"publish","type":"page","link":"https:\/\/solteq.us\/es\/biber\/","title":{"rendered":"BIBERSCHWANZ-SOLARZIEGEL | Fotovoltaica con aspecto tradicional"},"content":{"rendered":"<h4 class=\"wp-block-heading\"><strong>Tejas solares: la tradici\u00f3n se une a la tecnolog\u00eda solar<\/strong><\/h4>\n\n\n\n<p>En <strong>SolteQ teja plana teja solar<\/strong> combinan el aspecto cl\u00e1sico de la teja plana tradicional con la tecnolog\u00eda fotovoltaica m\u00e1s avanzada. Perfectamente adecuado para renovaciones en el <strong>Protecci\u00f3n de monumentos<\/strong>, sino tambi\u00e9n para los nuevos edificios que se centran en la est\u00e9tica y la sostenibilidad.<br><strong>Sin m\u00f3dulos solares visibles, sin interrupciones de estilo: s\u00f3lo 100 % de energ\u00eda solar directamente desde el tejado.<\/strong><\/p>\n\n\n\n<h4 class=\"wp-block-heading\"><strong>Resumen de las ventajas t\u00e9cnicas<\/strong><\/h4>\n\n\n\n<ul class=\"wp-block-list\">\n<li><strong>Soluci\u00f3n perfecta para edificios protegidos<\/strong> con requisitos de apariencia hist\u00f3rica<\/li>\n\n\n\n<li><strong>Reservas de carga elevadas: <\/strong> La cubierta de teja plana SOLTEQ es considerablemente m\u00e1s ligera que la teja plana de arcilla + PV normal. Generalmente no es necesario reforzar los cabrios para la rehabilitaci\u00f3n de tejados<\/li>\n\n\n\n<li><strong>Tambi\u00e9n en tejados existentes<\/strong>, Se puede implantar sin renovar el tejado: basta con sustituir los castores de arcilla existentes por castores solares.<\/li>\n\n\n\n<li><strong>Energ\u00eda solar sin m\u00f3dulos visibles<\/strong> - \u201eFotovoltaica en chic\u201c<\/li>\n\n\n\n<li><strong>Personalizaci\u00f3n regional flexible<\/strong> gracias a una amplia gama de variantes<\/li>\n\n\n\n<li><strong>Dise\u00f1o tradicional<\/strong>Disponible en varios colores, como rojo ladrillo, terracota o antracita.<\/li>\n\n\n\n<li><strong>Fotovoltaica invisible<\/strong>Energ\u00eda solar sin m\u00f3dulos en el tejado.<\/li>\n\n\n\n<li><strong>Robusto y duradero<\/strong>A prueba de tormentas hasta 350 km\/h, extremadamente resistente a la intemperie.<\/li>\n\n\n\n<li><strong>Fabricado en Alemania<\/strong>M\u00e1xima calidad y tecnolog\u00eda probada.<\/li>\n\n\n\n<li><strong>Peso:<\/strong> aprox. 14 kg\/m\u00b2 - extremadamente ligero.<\/li>\n\n\n\n<li><strong>Generaci\u00f3n de energ\u00eda:<\/strong> c\u00e9lulas fotovoltaicas monocristalinas integradas.<\/li>\n\n\n\n<li><strong>Triple funci\u00f3n:<\/strong> Protecci\u00f3n de tejados, producci\u00f3n de electricidad, energ\u00eda solar t\u00e9rmica opcional.<\/li>\n\n\n\n<li><strong>Montaje sencillo:<\/strong> encaja en el sistema de techo cl\u00e1sico.<\/li>\n<\/ul>\n\n\n\n<h4 class=\"wp-block-heading\"><strong><strong>\u00bfD\u00f3nde se utilizan las tejas solares lisas?<\/strong><\/strong><\/h4>\n\n\n\n<p>Especialmente adecuado para edificios protegidos, renovaciones, arquitectura cl\u00e1sica y proyectos est\u00e9ticamente exigentes.<\/p>\n\n\n\n<ul class=\"wp-block-list\">\n<li><strong>Edificios catalogados<\/strong>, donde los m\u00f3dulos solares no est\u00e1n autorizados.<\/li>\n\n\n\n<li><strong>Proyectos arquitect\u00f3nicamente sofisticados<\/strong> con dise\u00f1o de tejado tradicional.<\/li>\n\n\n\n<li><strong>Edificios nuevos<\/strong>, que desean integrar la tecnolog\u00eda moderna de forma discreta.<\/li>\n<\/ul>\n\n\n\n<h4 class=\"wp-block-heading\"><strong>Preguntas m\u00e1s frecuentes (FAQ)<\/strong><\/h4>\n\n\n\n<p><strong>\u00bfCu\u00e1nta electricidad generan las tejas solares cola de castor?<\/strong><br>La potencia var\u00eda en funci\u00f3n de la superficie del tejado y la orientaci\u00f3n. Se pueden conseguir hasta 150 W por m\u00b2.<\/p>\n\n\n\n<p><strong>\u00bfEst\u00e1n homologados para edificios protegidos?<\/strong><br>S\u00ed, las tejas solares de teja lisa est\u00e1n especialmente dise\u00f1adas para tejados catalogados y se utilizan con \u00e9xito en muchos proyectos.<\/p>\n\n\n\n<p><strong>\u00bfCu\u00e1nto duran las tejas solares?<\/strong><br>Las cubiertas SolteQ est\u00e1n dise\u00f1adas para una vida \u00fatil de m\u00e1s de 80 a\u00f1os; en el caso de la tecnolog\u00eda fotovoltaica, ofrecemos una garant\u00eda de rendimiento de 40 a\u00f1os sobre 80% de la potencia instalada. La degresi\u00f3n (p\u00e9rdida de producci\u00f3n) es de aproximadamente 1% cada 10 a\u00f1os, por lo que la producci\u00f3n despu\u00e9s de 40 a\u00f1os ser\u00e1 probablemente superior a 80%.<\/p>\n\n\n\n<h1 class=\"wp-block-heading\"><strong>VARIANTES<\/strong><\/h1>\n\n\n\n<h2 class=\"wp-block-heading\"><strong>STOCK BEBIDAS 180x380mm<\/strong><\/h2>\n\n\n\n<div class=\"wp-block-media-text is-stacked-on-mobile\"><figure class=\"wp-block-media-text__media\"><a href=\"https:\/\/solteq.us\/es\/Datenbl%C3%A4tter\/SOLTEQ-Datenblatt-Denkmal-Biber.pdf\/\"><img fetchpriority=\"high\" decoding=\"async\" width=\"222\" height=\"300\" src=\"https:\/\/solteq.us\/wp-content\/uploads\/2025\/08\/Mediterran-300x222_600dpi_ICON.jpg\" alt=\"\" class=\"wp-image-140 size-full\"\/><\/a><\/figure><div class=\"wp-block-media-text__content\">\n<p>Tradici\u00f3n e innovaci\u00f3n combinadas: el <strong>Stock castor<\/strong> de SolteQ impresiona por su aspecto cl\u00e1sico para edificios hist\u00f3ricos y protegidos, combinado con la tecnolog\u00eda fotovoltaica m\u00e1s avanzada. De este modo se conserva el dise\u00f1o original y el tejado suministra energ\u00eda al mismo tiempo.<br><strong>Ideal para:<\/strong> Edificios catalogados y arquitectura hist\u00f3rica. Para la renovaci\u00f3n de tejados o simplemente para sustituir los castores de arcilla existentes por castores solares con energ\u00eda fotovoltaica y energ\u00eda solar t\u00e9rmica opcional.<br><strong>Caracter\u00edstica especial:<\/strong> Cumple los requisitos m\u00e1s estrictos para edificios protegidos con la m\u00e1xima eficiencia energ\u00e9tica y un alto rendimiento por superficie <br><strong>Traslado: <\/strong>Tapa doble, tapa corona<\/p>\n<\/div><\/div>\n\n\n\n<h2 class=\"wp-block-heading\"><strong>SIMPLE cola de castor 180x380mm<\/strong><\/h2>\n\n\n\n<div class=\"wp-block-media-text is-stacked-on-mobile\"><figure class=\"wp-block-media-text__media\"><a href=\"https:\/\/solteq.us\/es\/Datenbl%C3%A4tter\/SOLTEQ-Datenblatt-Denkmal-Biber.pdf\/\"><img fetchpriority=\"high\" decoding=\"async\" width=\"222\" height=\"300\" src=\"https:\/\/solteq.us\/wp-content\/uploads\/2025\/08\/Mediterran-300x222_600dpi_ICON.jpg\" alt=\"\" class=\"wp-image-140 size-full\"\/><\/a><\/figure><div class=\"wp-block-media-text__content\">\n<p>En <strong>Castor 380<\/strong> de SolteQ convence con un aspecto cl\u00e1sico para edificios catalogados e hist\u00f3ricos - ofrece un dise\u00f1o de castor real rentable con fotovoltaica invisible y energ\u00eda solar t\u00e9rmica.<br><strong>Ideal para:<\/strong> Edificios catalogados y arquitectura hist\u00f3rica, edificios nuevos y existentes. Para nuevas construcciones y reformas de tejados con energ\u00eda solar.<br><strong>Caracter\u00edstica especial:<\/strong> Rentable. Cumple los requisitos m\u00e1s estrictos para edificios catalogados con la m\u00e1xima eficiencia energ\u00e9tica. <strong>Traslado: <\/strong>Tapa simple, tapa corona<\/p>\n<\/div><\/div>\n\n\n\n<h2 class=\"wp-block-heading\"><strong>BERLINER EDELBIBER 180x380mm<\/strong><\/h2>\n\n\n\n<div class=\"wp-block-media-text is-stacked-on-mobile\"><figure class=\"wp-block-media-text__media\"><a href=\"https:\/\/solteq.us\/es\/Datenbl%C3%A4tter\/SOLTEQ-Datenblatt-Denkmal-Biber.pdf\/\"><img fetchpriority=\"high\" decoding=\"async\" width=\"222\" height=\"300\" src=\"https:\/\/solteq.us\/wp-content\/uploads\/2025\/08\/Mediterran-300x222_600dpi_ICON.jpg\" alt=\"\" class=\"wp-image-140 size-full\"\/><\/a><\/figure><div class=\"wp-block-media-text__content\">\n<p>Desarrollado a mano para uno de los edificios estatales m\u00e1s altos: el Palacio de Bellevue, residencia de nuestro Presidente Federal. El sitio <strong>Noble castor berlin\u00e9s<\/strong> de SolteQ impresiona por su aspecto cl\u00e1sico para edificios hist\u00f3ricos y protegidos, combinado con la tecnolog\u00eda fotovoltaica m\u00e1s avanzada. De este modo se conserva el dise\u00f1o original y el tejado suministra energ\u00eda al mismo tiempo.<br><strong>Ideal para:<\/strong> edificios catalogados, edificios estatales y arquitectura hist\u00f3rica especial.<br><strong>Caracter\u00edstica especial:<\/strong> La variante m\u00e1s fina de una cola de castor para las m\u00e1s altas exigencias. <br><strong>Traslado: <\/strong>Tapa simple, tapa corona<\/p>\n<\/div><\/div>\n\n\n\n<h2 class=\"wp-block-heading\"><strong>WAVE - El castor en ancho<\/strong><\/h2>\n\n\n\n<div class=\"wp-block-media-text is-stacked-on-mobile\"><figure class=\"wp-block-media-text__media\"><a href=\"https:\/\/solteq.us\/es\/Datenbl%C3%A4tter\/SOLTEQ-Datenblatt-WAVE.pdf\/\"><img decoding=\"async\" width=\"222\" height=\"300\" src=\"https:\/\/solteq.us\/wp-content\/uploads\/2025\/08\/WAVE-300x222_600dpi_ICON.jpg\" alt=\"\" class=\"wp-image-273 size-full\"\/><\/a><\/figure><div class=\"wp-block-media-text__content\">\n<p>En <strong>Serie SolteQ-WAVE<\/strong> es la soluci\u00f3n elegante para tejados con estructura ondulada. Esta variante combina un dise\u00f1o din\u00e1mico con una tecnolog\u00eda solar discreta, perfecta para los propietarios de edificios que desean un perfil de tejado llamativo sin renunciar a la energ\u00eda sostenible.<br><strong>Ideal para:<\/strong> Arquitectura con tejados curvos.<br><strong>Caracter\u00edstica especial:<\/strong> Dise\u00f1o armonioso para tejados con aspecto ondulado<br><strong>Traslado: <\/strong>Tapa simple, tapa corona<\/p>\n<\/div><\/div>\n\n\n\n<h2 class=\"wp-block-heading\"><strong>BOLSILLO VIENA<\/strong><\/h2>\n\n\n\n<div class=\"wp-block-media-text is-stacked-on-mobile\"><figure class=\"wp-block-media-text__media\"><a href=\"https:\/\/solteq.us\/es\/Datenbl%C3%A4tter\/SOLTEQ-Datenblatt-WienerTasche.pdf\/\"><img decoding=\"async\" width=\"222\" height=\"300\" src=\"https:\/\/solteq.us\/wp-content\/uploads\/2025\/08\/WienerTasche-300x222_600dpi_ICON.jpg\" alt=\"\" class=\"wp-image-275 size-full\"\/><\/a><\/figure><div class=\"wp-block-media-text__content\">\n<p>En <strong>Bolso vien\u00e9s<\/strong> es una forma de tejado atemporal que SolteQ ha transformado en un tejado solar energ\u00e9ticamente eficiente. Esta variante ofrece la est\u00e9tica familiar de la arquitectura cl\u00e1sica de tejados con energ\u00eda fotovoltaica totalmente integrada.<br><strong>Ideal para:<\/strong> edificios residenciales cl\u00e1sicos, renovaciones de tejados y edificios nuevos de estilo tradicional.<br><strong>Caracter\u00edstica especial:<\/strong> Energ\u00eda fotovoltaica sin restricciones visuales: perfecta para propietarios de edificios preocupados por el estilo.<br><strong>Traslado: <\/strong>Tapa simple, tapa corona<\/p>\n<\/div><\/div>\n\n\n\n<h2 class=\"wp-block-heading\"><strong>BOLSILLO DEL CASCO ANTIGUO DE VIENA <\/strong><\/h2>\n\n\n\n<div class=\"wp-block-media-text is-stacked-on-mobile\"><figure class=\"wp-block-media-text__media\"><a href=\"https:\/\/solteq.us\/es\/Datenbl%C3%A4tter\/SOLTEQ-Datenblatt-WienerTasche.pdf\/\"><img loading=\"lazy\" decoding=\"async\" width=\"222\" height=\"300\" src=\"https:\/\/solteq.us\/wp-content\/uploads\/2025\/08\/WienerTascheAlt-300x222_600dpi_ICON.jpg\" alt=\"\" class=\"wp-image-277 size-full\"\/><\/a><\/figure><div class=\"wp-block-media-text__content\">\n<p>En <strong>Bolsa vienesa casco antiguo<\/strong> es una versi\u00f3n especial de la bolsa vienesa con un dise\u00f1o escalonado y matices de color opcionales. <br><strong>Ideal para:<\/strong> edificios residenciales cl\u00e1sicos, renovaciones de tejados y edificios nuevos de estilo tradicional.<br><strong>Caracter\u00edstica especial:<\/strong> Energ\u00eda fotovoltaica sin restricciones visuales: perfecta para propietarios de edificios preocupados por el estilo.<br><strong>Traslado: <\/strong>Tapa simple, tapa corona<\/p>\n<\/div><\/div>\n\n\n\n<p><\/p>","protected":false},"excerpt":{"rendered":"<p>Biberschwanz-Solarziegel \u2013 Tradition trifft Solartechnologie Die SolteQ Biberschwanz-Solarziegel vereinen die klassische Optik des traditionellen Biberschwanz-Dachziegels mit modernster Photovoltaik-Technik. Perfekt geeignet f\u00fcr Sanierungen im Denkmalschutz, aber auch f\u00fcr Neubauten, die auf \u00c4sthetik und Nachhaltigkeit setzen.Keine sichtbaren Solarmodule, kein Stilbruch \u2013 nur 100 % Solarstrom direkt vom Dach. Technische Vorteile im \u00dcberblick Wo werden Biberschwanz-Solarziegel eingesetzt? Besonders &hellip; <\/p>\n<p class=\"link-more\"><a href=\"https:\/\/solteq.us\/es\/biber\/\" class=\"more-link\">Continuar leyendo<span class=\"screen-reader-text\"> &#8222;BIBERSCHWANZ-SOLARZIEGEL | Photovoltaik in traditioneller Optik&#8220;<\/span><\/a><\/p>","protected":false},"author":1,"featured_media":0,"parent":0,"menu_order":0,"comment_status":"closed","ping_status":"closed","template":"","meta":{"footnotes":""},"class_list":["post-164","page","type-page","status-publish","hentry"],"_links":{"self":[{"href":"https:\/\/solteq.us\/es\/wp-json\/wp\/v2\/pages\/164","targetHints":{"allow":["GET"]}}],"collection":[{"href":"https:\/\/solteq.us\/es\/wp-json\/wp\/v2\/pages"}],"about":[{"href":"https:\/\/solteq.us\/es\/wp-json\/wp\/v2\/types\/page"}],"author":[{"embeddable":true,"href":"https:\/\/solteq.us\/es\/wp-json\/wp\/v2\/users\/1"}],"replies":[{"embeddable":true,"href":"https:\/\/solteq.us\/es\/wp-json\/wp\/v2\/comments?post=164"}],"version-history":[{"count":19,"href":"https:\/\/solteq.us\/es\/wp-json\/wp\/v2\/pages\/164\/revisions"}],"predecessor-version":[{"id":281,"href":"https:\/\/solteq.us\/es\/wp-json\/wp\/v2\/pages\/164\/revisions\/281"}],"wp:attachment":[{"href":"https:\/\/solteq.us\/es\/wp-json\/wp\/v2\/media?parent=164"}],"curies":[{"name":"wp","href":"https:\/\/api.w.org\/{rel}","templated":true}]}}