{"id":146,"date":"2025-08-20T15:17:42","date_gmt":"2025-08-20T13:17:42","guid":{"rendered":"https:\/\/solteq.us\/?page_id=146"},"modified":"2025-12-09T12:25:09","modified_gmt":"2025-12-09T11:25:09","slug":"impressum-datenschutz","status":"publish","type":"page","link":"https:\/\/solteq.us\/es\/impressum-datenschutz\/","title":{"rendered":"Pie de imprenta y protecci\u00f3n de datos"},"content":{"rendered":"<div data-elementor-type=\"wp-page\" data-elementor-id=\"146\" class=\"elementor elementor-146\">\n\t\t\t\t<div class=\"elementor-element elementor-element-5ace4efb e-flex e-con-boxed e-con e-parent\" data-id=\"5ace4efb\" data-element_type=\"container\">\n\t\t\t\t\t<div class=\"e-con-inner\">\n\t\t\t\t<div class=\"elementor-element elementor-element-7aa2645b elementor-widget elementor-widget-text-editor\" data-id=\"7aa2645b\" data-element_type=\"widget\" data-widget_type=\"text-editor.default\">\n\t\t\t\t\t\t\t\t\t<p><\/p>\n<p><\/p>\n<p><strong>Pie de imprenta <\/strong><\/p>\n<p><\/p>\n<p><strong>Direcci\u00f3n<br><\/strong>SOLTEQ USA INC.<br>Sede central en EE.UU.<br>Cape Coral, FLORIDA<\/p>\n<p><\/p>\n<p>Correo electr\u00f3nico: info(@)solteq.us<br>Horario de oficina: de 7.00 a 17.00 h ET<br>Web: www.solteq.us<\/p>\n<p>Registre su entrada:<br>P20000075150 -&nbsp;<span style=\"font-size: 1rem;\">Estado de Florida<\/span><\/p>\n<p>Resoluci\u00f3n de litigios en l\u00ednea de conformidad con el art. 14 p\u00e1rr. 1 de la ODR-VO:<br>La Comisi\u00f3n Europea ofrece una plataforma para la resoluci\u00f3n de litigios en l\u00ednea (OS):<br>https:\/\/ec.europa.eu\/consumers\/odr<br>Encontrar\u00e1 nuestra direcci\u00f3n de correo electr\u00f3nico en el aviso legal anterior.<\/p>\n<p><\/p>\n<p><strong>Pol\u00edtica de privacidad (EU-DSGVO)<\/strong><\/p>\n<p><\/p>\n<p>1. persona responsable<br>SOLTEQ USA Inc.<br><span style=\"font-size: 1rem;\">Correo electr\u00f3nico: info@solteq.us<\/span><\/p><p>Web: www.solteq.us<br>Correo electr\u00f3nico: datenschutz@solteq.us<\/p>\n<p>2. recogida y almacenamiento de datos personales y naturaleza y finalidad de su uso<br>a) Al visitar el sitio web<br>Cuando visita nuestro sitio web www.solteq.eu, el navegador env\u00eda autom\u00e1ticamente informaci\u00f3n a nuestro servidor (por ejemplo, direcci\u00f3n IP, fecha\/hora, tipo de navegador). Estos datos se utilizan para garantizar una conexi\u00f3n sin problemas y la seguridad del sistema.<\/p>\n<p>b) Al utilizar el formulario de contacto \/ contacto por correo electr\u00f3nico<br>Si se pone en contacto con nosotros a trav\u00e9s del formulario de contacto o por correo electr\u00f3nico, los datos que nos proporcione (por ejemplo, nombre, correo electr\u00f3nico, mensaje) se almacenar\u00e1n para procesar su consulta.<\/p>\n<p>3. divulgaci\u00f3n de datos<br>Sus datos personales s\u00f3lo se transferir\u00e1n a terceros si:<br>- usted ha dado su consentimiento expreso,<br>- el tratamiento es necesario para el cumplimiento de un contrato,<br>- existe una obligaci\u00f3n legal, o<br>- es necesario para salvaguardar intereses leg\u00edtimos.<\/p>\n<p>4. cookies y rastreo<br>Nuestro sitio web utiliza cookies. Sirven para que nuestro sitio web sea m\u00e1s f\u00e1cil de usar, eficaz y seguro. Si se utilizan herramientas de terceros (por ejemplo, Google Analytics), solo se hace con su consentimiento (banner de cookies).<\/p>\n<p>5. derechos de los interesados (seg\u00fan el art\u00edculo 15 y siguientes del GDPR)<br>Tienes derecho a:<br>- Informaci\u00f3n sobre sus datos almacenados,<br>- Correcci\u00f3n de datos incorrectos,<br>- Borrado (\u201ederecho al olvido\u201c),<br>- Restricci\u00f3n del tratamiento,<br>- Oposici\u00f3n al tratamiento,<br>- Portabilidad de los datos.<\/p>\n<p>6. derecho de recurso ante la autoridad de control<br>Tiene derecho a reclamar ante una autoridad supervisora de la protecci\u00f3n de datos sobre el tratamiento de sus datos personales.<\/p>\n<p>7. seguridad de los datos<br>Utilizamos medidas de seguridad t\u00e9cnicas y organizativas para proteger sus datos contra manipulaci\u00f3n, p\u00e9rdida o acceso no autorizado.<\/p>\n<p>8. actualidad y modificaci\u00f3n de la presente declaraci\u00f3n de protecci\u00f3n de datos<br>Esta pol\u00edtica de privacidad es actualmente v\u00e1lida y tiene el estado: Agosto 2025.<br>Nos reservamos el derecho a modificar la declaraci\u00f3n para adaptarla a cambios en la situaci\u00f3n jur\u00eddica o a nuevos servicios.<\/p>\n<p><\/p>\t\t\t\t\t\t\t\t<\/div>\n\t\t\t\t\t<\/div>\n\t\t\t\t<\/div>\n\t\t\t\t<\/div>","protected":false},"excerpt":{"rendered":"<p>Impressum AdresseSOLTEQ USA INC.Headquarter USACape Coral, FLORIDA email: info(@)solteq.usOffice hours: 7am &#8211; 5pm ETWeb: www.solteq.us Registereintrag:P20000075150 &#8211;&nbsp;State of Florida Online-Streitbeilegung gem\u00e4\u00df Art. 14 Abs. 1 ODR-VO:Die Europ\u00e4ische Kommission stellt eine Plattform zur Online-Streitbeilegung (OS) bereit:https:\/\/ec.europa.eu\/consumers\/odrUnsere E-Mail-Adresse finden Sie oben im Impressum. Datenschutzerkl\u00e4rung (EU-DSGVO) 1. VerantwortlicherSOLTEQ USA Inc.E-Mail: info@solteq.us Web: www.solteq.usE-Mail: datenschutz@solteq.us 2. Erhebung und Speicherung &hellip; <\/p>\n<p class=\"link-more\"><a href=\"https:\/\/solteq.us\/es\/impressum-datenschutz\/\" class=\"more-link\">Continuar leyendo<span class=\"screen-reader-text\"> &#8222;Impressum &amp; Datenschutz&#8220;<\/span><\/a><\/p>","protected":false},"author":1,"featured_media":0,"parent":0,"menu_order":0,"comment_status":"closed","ping_status":"closed","template":"","meta":{"footnotes":""},"class_list":["post-146","page","type-page","status-publish","hentry"],"_links":{"self":[{"href":"https:\/\/solteq.us\/es\/wp-json\/wp\/v2\/pages\/146","targetHints":{"allow":["GET"]}}],"collection":[{"href":"https:\/\/solteq.us\/es\/wp-json\/wp\/v2\/pages"}],"about":[{"href":"https:\/\/solteq.us\/es\/wp-json\/wp\/v2\/types\/page"}],"author":[{"embeddable":true,"href":"https:\/\/solteq.us\/es\/wp-json\/wp\/v2\/users\/1"}],"replies":[{"embeddable":true,"href":"https:\/\/solteq.us\/es\/wp-json\/wp\/v2\/comments?post=146"}],"version-history":[{"count":8,"href":"https:\/\/solteq.us\/es\/wp-json\/wp\/v2\/pages\/146\/revisions"}],"predecessor-version":[{"id":636,"href":"https:\/\/solteq.us\/es\/wp-json\/wp\/v2\/pages\/146\/revisions\/636"}],"wp:attachment":[{"href":"https:\/\/solteq.us\/es\/wp-json\/wp\/v2\/media?parent=146"}],"curies":[{"name":"wp","href":"https:\/\/api.w.org\/{rel}","templated":true}]}}