{"id":166,"date":"2025-08-21T10:26:12","date_gmt":"2025-08-21T08:26:12","guid":{"rendered":"https:\/\/solteq.us\/?page_id=166"},"modified":"2025-08-23T13:22:48","modified_gmt":"2025-08-23T11:22:48","slug":"denkmal-2","status":"publish","type":"page","link":"https:\/\/solteq.us\/en\/denkmal-2\/","title":{"rendered":"MEMORIAL"},"content":{"rendered":"<h3 class=\"wp-block-heading\"><strong>BEAVERTAIL SERIES<\/strong>  - History &amp; innovation combined<\/h3>\n\n\n\n<div class=\"wp-block-media-text is-stacked-on-mobile\"><figure class=\"wp-block-media-text__media\"><a href=\"https:\/\/solteq.us\/en\/biber\/\" target=\"_blank\" rel=\" noreferrer noopener\"><img fetchpriority=\"high\" decoding=\"async\" width=\"222\" height=\"300\" src=\"https:\/\/solteq.us\/wp-content\/uploads\/2025\/08\/Mediterran-300x222_600dpi_ICON.jpg\" alt=\"\" class=\"wp-image-140 size-full\"\/><\/a><\/figure><div class=\"wp-block-media-text__content\">\n<p>The <strong>SolteQ plain tile solar tile<\/strong> combine the classic look of the traditional plain tile with state-of-the-art photovoltaic technology. Perfectly suited for renovations in the <strong>Monument protection<\/strong>, but also for new buildings that focus on aesthetics and sustainability.<br><strong>No visible solar modules on a beautiful, historic roof, no break in style - just 100 % solar power directly from the roof.<\/strong><\/p>\n<\/div><\/div>\n\n\n\n<h3 class=\"wp-block-heading\"><strong>German cover<\/strong><\/h3>\n\n\n\n<div class=\"wp-block-media-text is-stacked-on-mobile\"><figure class=\"wp-block-media-text__media\"><a href=\"https:\/\/solteq.us\/en\/solteq\/Datenbl%C3%A4tter\/SOLTEQ-Datenblatt-Deutsche_Deckung.pdf\/\"><img decoding=\"async\" width=\"222\" height=\"300\" src=\"https:\/\/solteq.us\/wp-content\/uploads\/2025\/08\/DeutschDeck-300x222_600dpi_ICON.jpg\" alt=\"\" class=\"wp-image-224 size-full\"\/><\/a><\/figure><div class=\"wp-block-media-text__content\">\n<p>The variant <strong>German cover<\/strong> brings the popular slate look to the roof - combined with sustainable electricity production. The natural look and the integration of the solar function keep the roof authentic and powerful at the same time.<br><strong>Ideal for:<\/strong> Slate-style roofs or fa\u00e7ade cladding.<br><strong>Special feature:<\/strong> Stylish appearance, high energy yield, weather-resistant.<br><strong>Relocation: <\/strong>German cover, with or without container inclination<\/p>\n<\/div><\/div>\n\n\n\n<h3 class=\"wp-block-heading\"><strong>French pointed angle cover 40x40cm<\/strong><\/h3>\n\n\n\n<div class=\"wp-block-media-text is-stacked-on-mobile\"><figure class=\"wp-block-media-text__media\"><a href=\"https:\/\/solteq.us\/en\/solteq\/Datenbl%C3%A4tter\/SOLTEQ-Datenblatt-Denkmalobjekte_Q18_20.pdf\/\"><img decoding=\"async\" width=\"222\" height=\"300\" src=\"https:\/\/solteq.us\/wp-content\/uploads\/2025\/08\/Q18-300x222_600dpi_ICON.jpg\" alt=\"\" class=\"wp-image-226 size-full\"\/><\/a><\/figure><div class=\"wp-block-media-text__content\">\n<p>The variant <strong>German cover<\/strong> brings the popular slate look to the roof - combined with sustainable electricity production. The natural look and the integration of the solar function keep the roof authentic and powerful at the same time.<br><strong>Ideal for:<\/strong> Slate-style roofs or fa\u00e7ade cladding.<br><strong>Special feature:<\/strong> Stylish appearance, high energy yield, weather-resistant.<br><strong>Relocation: <\/strong>German cover, with or without container inclination<\/p>\n<\/div><\/div>","protected":false},"excerpt":{"rendered":"<p>BIBERSCHWANZ-SERIE &#8211; Historisch &amp; Innovation vereint Die SolteQ Biberschwanz-Solarziegel vereinen die klassische Optik des traditionellen Biberschwanz-Dachziegels mit modernster Photovoltaik-Technik. Perfekt geeignet f\u00fcr Sanierungen im Denkmalschutz, aber auch f\u00fcr Neubauten, die auf \u00c4sthetik und Nachhaltigkeit setzen.Keine sichtbaren Solarmodule auf ein sch\u00f6nes, historisches Dach, kein Stilbruch \u2013 nur 100 % Solarstrom direkt vom Dach. Deutsche Deckung Die &hellip; <\/p>\n<p class=\"link-more\"><a href=\"https:\/\/solteq.us\/en\/denkmal-2\/\" class=\"more-link\">Continue reading<span class=\"screen-reader-text\"> &#8222;DENKMAL&#8220;<\/span><\/a><\/p>","protected":false},"author":1,"featured_media":0,"parent":0,"menu_order":0,"comment_status":"closed","ping_status":"closed","template":"","meta":{"footnotes":""},"class_list":["post-166","page","type-page","status-publish","hentry"],"_links":{"self":[{"href":"https:\/\/solteq.us\/en\/wp-json\/wp\/v2\/pages\/166","targetHints":{"allow":["GET"]}}],"collection":[{"href":"https:\/\/solteq.us\/en\/wp-json\/wp\/v2\/pages"}],"about":[{"href":"https:\/\/solteq.us\/en\/wp-json\/wp\/v2\/types\/page"}],"author":[{"embeddable":true,"href":"https:\/\/solteq.us\/en\/wp-json\/wp\/v2\/users\/1"}],"replies":[{"embeddable":true,"href":"https:\/\/solteq.us\/en\/wp-json\/wp\/v2\/comments?post=166"}],"version-history":[{"count":10,"href":"https:\/\/solteq.us\/en\/wp-json\/wp\/v2\/pages\/166\/revisions"}],"predecessor-version":[{"id":290,"href":"https:\/\/solteq.us\/en\/wp-json\/wp\/v2\/pages\/166\/revisions\/290"}],"wp:attachment":[{"href":"https:\/\/solteq.us\/en\/wp-json\/wp\/v2\/media?parent=166"}],"curies":[{"name":"wp","href":"https:\/\/api.w.org\/{rel}","templated":true}]}}