{"id":146,"date":"2025-08-20T15:17:42","date_gmt":"2025-08-20T13:17:42","guid":{"rendered":"https:\/\/solteq.us\/?page_id=146"},"modified":"2025-12-09T12:25:09","modified_gmt":"2025-12-09T11:25:09","slug":"impressum-datenschutz","status":"publish","type":"page","link":"https:\/\/solteq.us\/en\/impressum-datenschutz\/","title":{"rendered":"Imprint &amp; Privacy"},"content":{"rendered":"<div data-elementor-type=\"wp-page\" data-elementor-id=\"146\" class=\"elementor elementor-146\">\n\t\t\t\t<div class=\"elementor-element elementor-element-5ace4efb e-flex e-con-boxed e-con e-parent\" data-id=\"5ace4efb\" data-element_type=\"container\">\n\t\t\t\t\t<div class=\"e-con-inner\">\n\t\t\t\t<div class=\"elementor-element elementor-element-7aa2645b elementor-widget elementor-widget-text-editor\" data-id=\"7aa2645b\" data-element_type=\"widget\" data-widget_type=\"text-editor.default\">\n\t\t\t\t\t\t\t\t\t<p><\/p>\n<p><\/p>\n<p><strong>Imprint <\/strong><\/p>\n<p><\/p>\n<p><strong>Address<br><\/strong>SOLTEQ USA INC.<br>Headquarters USA<br>Cape Coral, FLORIDA<\/p>\n<p><\/p>\n<p>email: info(@)solteq.us<br>Office hours: 7am - 5pm ET<br>Web: www.solteq.us<\/p>\n<p>Register entry:<br>P20000075150 -&nbsp;<span style=\"font-size: 1rem;\">State of Florida<\/span><\/p>\n<p>Online dispute resolution pursuant to Art. 14 para. 1 ODR-VO:<br>The European Commission provides a platform for online dispute resolution (ODR):<br>https:\/\/ec.europa.eu\/consumers\/odr<br>You can find our e-mail address in the legal notice above.<\/p>\n<p><\/p>\n<p><strong>Privacy policy (EU-DSGVO)<\/strong><\/p>\n<p><\/p>\n<p>1. responsible person<br>SOLTEQ USA Inc.<br><span style=\"font-size: 1rem;\">E-mail: info@solteq.us<\/span><\/p><p>Web: www.solteq.us<br>E-mail: datenschutz@solteq.us<\/p>\n<p>2. collection and storage of personal data and the nature and purpose of their use<br>a) When visiting the website<br>When you visit our website www.solteq.eu, the browser automatically sends information to our server (e.g. IP address, date\/time, browser type). This data is used to ensure a smooth connection setup and system security.<\/p>\n<p>b) When using the contact form \/ e-mail contact<br>If you contact us via contact form or e-mail, the data you provide (e.g. name, e-mail, message) will be stored in order to process your request.<\/p>\n<p>3. disclosure of data<br>Your personal data will only be transferred to third parties if:<br>- you have given your express consent,<br>- the processing is necessary for the performance of a contract,<br>- there is a legal obligation, or<br>- this is necessary to safeguard legitimate interests.<\/p>\n<p>4. cookies and tracking<br>Our website uses cookies. They serve to make our offer more user-friendly, effective and secure. If third-party tools (e.g. Google Analytics) are used, this is only done with your consent (cookie banner).<\/p>\n<p>5. rights of data subjects (according to Art. 15 ff. GDPR)<br>You have the right to:<br>- Information about your stored data,<br>- Correction of incorrect data,<br>- Erasure (\u201eright to be forgotten\u201c),<br>- Restriction of processing,<br>- Objection to the processing,<br>- Data portability.<\/p>\n<p>6. right of appeal to the supervisory authority<br>You have the right to complain to a data protection supervisory authority about the processing of your personal data.<\/p>\n<p>7. data security<br>We use technical and organizational security measures to protect your data against manipulation, loss or unauthorized access.<\/p>\n<p>8. topicality and amendment of this privacy policy<br>This privacy policy is currently valid and has the status: August 2025.<br>We reserve the right to amend the declaration in order to adapt it to changed legal situations or new services.<\/p>\n<p><\/p>\t\t\t\t\t\t\t\t<\/div>\n\t\t\t\t\t<\/div>\n\t\t\t\t<\/div>\n\t\t\t\t<\/div>","protected":false},"excerpt":{"rendered":"<p>Impressum AdresseSOLTEQ USA INC.Headquarter USACape Coral, FLORIDA email: info(@)solteq.usOffice hours: 7am &#8211; 5pm ETWeb: www.solteq.us Registereintrag:P20000075150 &#8211;&nbsp;State of Florida Online-Streitbeilegung gem\u00e4\u00df Art. 14 Abs. 1 ODR-VO:Die Europ\u00e4ische Kommission stellt eine Plattform zur Online-Streitbeilegung (OS) bereit:https:\/\/ec.europa.eu\/consumers\/odrUnsere E-Mail-Adresse finden Sie oben im Impressum. Datenschutzerkl\u00e4rung (EU-DSGVO) 1. VerantwortlicherSOLTEQ USA Inc.E-Mail: info@solteq.us Web: www.solteq.usE-Mail: datenschutz@solteq.us 2. Erhebung und Speicherung &hellip; <\/p>\n<p class=\"link-more\"><a href=\"https:\/\/solteq.us\/en\/impressum-datenschutz\/\" class=\"more-link\">Continue reading<span class=\"screen-reader-text\"> &#8222;Impressum &amp; Datenschutz&#8220;<\/span><\/a><\/p>","protected":false},"author":1,"featured_media":0,"parent":0,"menu_order":0,"comment_status":"closed","ping_status":"closed","template":"","meta":{"footnotes":""},"class_list":["post-146","page","type-page","status-publish","hentry"],"_links":{"self":[{"href":"https:\/\/solteq.us\/en\/wp-json\/wp\/v2\/pages\/146","targetHints":{"allow":["GET"]}}],"collection":[{"href":"https:\/\/solteq.us\/en\/wp-json\/wp\/v2\/pages"}],"about":[{"href":"https:\/\/solteq.us\/en\/wp-json\/wp\/v2\/types\/page"}],"author":[{"embeddable":true,"href":"https:\/\/solteq.us\/en\/wp-json\/wp\/v2\/users\/1"}],"replies":[{"embeddable":true,"href":"https:\/\/solteq.us\/en\/wp-json\/wp\/v2\/comments?post=146"}],"version-history":[{"count":8,"href":"https:\/\/solteq.us\/en\/wp-json\/wp\/v2\/pages\/146\/revisions"}],"predecessor-version":[{"id":636,"href":"https:\/\/solteq.us\/en\/wp-json\/wp\/v2\/pages\/146\/revisions\/636"}],"wp:attachment":[{"href":"https:\/\/solteq.us\/en\/wp-json\/wp\/v2\/media?parent=146"}],"curies":[{"name":"wp","href":"https:\/\/api.w.org\/{rel}","templated":true}]}}